{"id":91,"date":"2016-03-07T13:03:23","date_gmt":"2016-03-07T10:03:23","guid":{"rendered":"http:\/\/montajautomatica.md\/?page_id=91"},"modified":"2017-10-05T11:53:45","modified_gmt":"2017-10-05T08:53:45","slug":"nashi-obekty","status":"publish","type":"page","link":"https:\/\/montajautomatica.md\/ro\/nashi-obekty\/","title":{"rendered":"Obiectele noastre"},"content":{"rendered":"<p><\/p>\n<p style=\"text-align: center;\"><strong>Obiecte din Republica Moldova la care au fost instalate \u015fi func\u0163ioneaz\u0103 <\/strong><\/p>\n<p style=\"text-align: center;\"><strong>echipamentele produse de Compania Italian<\/strong><strong>\u0103<\/strong><strong> \u201cSYSTEMA Spa\u201d<\/strong><\/p>\n<p style=\"text-align: center;\"><strong>(num\u0103rul total de obiecte\u00a0 dep\u0103\u015fe\u015fte\u00a0 200 de unit\u0103<\/strong><strong>\u021bi)<\/strong><\/p>\n<p><div>       <\/div><style type=\"text\/css\" scoped>.rbs_gallery_69eb2c981f84aSpinner{\r\n\t\t\t\tmargin: 50px auto;\r\n\t\t\t\twidth: 50px;\r\n\t\t\t\theight: 40px;\r\n\t\t\t\ttext-align: center;\r\n\t\t\t\tfont-size: 10px;\r\n\t\t\t}\r\n\t\t\t.rbs_gallery_69eb2c981f84aSpinner > div{\r\n\t\t\t  background-color: #333;\r\n\t\t\t  height: 100%;\r\n\t\t\t  width: 6px;\r\n\t\t\t  display: inline-block;\r\n\t\t\t  -webkit-animation: rbs_gallery_69eb2c981f84a-stretchdelay 1.2s infinite ease-in-out;\r\n\t\t\t  animation: rbs_gallery_69eb2c981f84a-stretchdelay 1.2s infinite ease-in-out;\r\n\t\t\t}\r\n\t\t\t.rbs_gallery_69eb2c981f84aSpinner .rbs_gallery_69eb2c981f84aRect2 {\r\n\t\t\t  -webkit-animation-delay: -1.1s;\r\n\t\t\t  animation-delay: -1.1s;\r\n\t\t\t}\r\n\t\t\t.rbs_gallery_69eb2c981f84aSpinner .rbs_gallery_69eb2c981f84aRect3 {\r\n\t\t\t  -webkit-animation-delay: -1.0s;\r\n\t\t\t  animation-delay: -1.0s;\r\n\t\t\t}\r\n\t\t\t.rbs_gallery_69eb2c981f84aSpinner .rbs_gallery_69eb2c981f84aRect4 {\r\n\t\t\t  -webkit-animation-delay: -0.9s;\r\n\t\t\t  animation-delay: -0.9s;\r\n\t\t\t}\r\n\t\t\t.rbs_gallery_69eb2c981f84aSpinner .rbs_gallery_69eb2c981f84aRect5 {\r\n\t\t\t  -webkit-animation-delay: -0.8s;\r\n\t\t\t  animation-delay: -0.8s;\r\n\t\t\t}\r\n\t\t\t@-webkit-keyframes rbs_gallery_69eb2c981f84a-stretchdelay {\r\n\t\t\t  0%, 40%, 100% { -webkit-transform: scaleY(0.4) }  \r\n\t\t\t  20% { -webkit-transform: scaleY(1.0) }\r\n\t\t\t}\r\n\t\t\t@keyframes rbs_gallery_69eb2c981f84a-stretchdelay {\r\n\t\t\t  0%, 40%, 100% { \r\n\t\t\t    transform: scaleY(0.4);\r\n\t\t\t    -webkit-transform: scaleY(0.4);\r\n\t\t\t  }  20% { \r\n\t\t\t    transform: scaleY(1.0);\r\n\t\t\t    -webkit-transform: scaleY(1.0);\r\n\t\t\t  }\r\n\t\t\t}\r\n\t\t<\/style><div class=\"robo-gallery-wrap robo-gallery-wrap-id174 robo-gallery-\" ><div id=\"rbs_gallery_69eb2c981f84a-block-loader\" class=\"rbs_gallery_69eb2c981f84aSpinner\"><div class=\"rbs_gallery_69eb2c981f84aRect1\"><\/div> <div class=\"rbs_gallery_69eb2c981f84aRect2\"><\/div> <div class=\"rbs_gallery_69eb2c981f84aRect3\"><\/div> <div class=\"rbs_gallery_69eb2c981f84aRect4\"><\/div> <div class=\"rbs_gallery_69eb2c981f84aRect5\"><\/div><\/div><div class=\"rbs_gallery_button  rbs_gallery_align_left\" id=\"rbs_gallery_69eb2c981f84afilter\" style=\" display: none;\" ><\/div><div id=\"robo_gallery_main_block_rbs_gallery_69eb2c981f84a\" class=\"robogallery-gallery-174\" style=\"width:100%;  display: none;\"><div id=\"rbs_gallery_69eb2c981f84a\" data-options=\"rbs_gallery_69eb2c981f84a\" style=\"width:100%;\" class=\"robo_gallery  \"><div class=\"rbs-img  category174 \" ><div class=\"rbs-img-image   rbs-lightbox \" ><div class=\"rbs-img-thumbs\"  data-thumbnail=\"https:\/\/montajautomatica.md\/wp-content\/uploads\/2016\/03\/\/1457520927_image7-300x225.png\"  title=\"Manejul de atletic\u0103 u\u015foar\u0103 or. Chi\u015fin\u0103u\"  data-width=\"300\"  data-height=\"225\" ><\/div><div class=\"rbs-img-data-popup\"  data-popup=\"https:\/\/montajautomatica.md\/wp-content\/uploads\/2016\/03\/\/1457520927_image7.png\"  title=\"Manejul de atletic\u0103 u\u015foar\u0103 or. Chi\u015fin\u0103u\" ><\/div><div class=\"thumbnail-overlay\"><div class=\"rbsTitle \">Manejul de atletic\u0103 u\u015foar\u0103 or. Chi\u015fin\u0103u<\/div><div class=\"rbsIcons\"><i class=\"fa fa-search-plus rbsZoomIcon \" ><\/i><\/div><\/div><\/div><\/div><div class=\"rbs-img  category174 \" ><div class=\"rbs-img-image   rbs-lightbox \" ><div class=\"rbs-img-thumbs\"  data-thumbnail=\"https:\/\/montajautomatica.md\/wp-content\/uploads\/2016\/03\/\/1457520927_image1-300x225.png\"  title=\"Manejul de atletic\u0103 u\u015foar\u0103 or. Chi\u015fin\u0103u\"  data-width=\"300\"  data-height=\"225\" ><\/div><div class=\"rbs-img-data-popup\"  data-popup=\"https:\/\/montajautomatica.md\/wp-content\/uploads\/2016\/03\/\/1457520927_image1.png\"  title=\"Manejul de atletic\u0103 u\u015foar\u0103 or. Chi\u015fin\u0103u\" ><\/div><div class=\"thumbnail-overlay\"><div class=\"rbsTitle \">Manejul de atletic\u0103 u\u015foar\u0103 or. Chi\u015fin\u0103u<\/div><div class=\"rbsIcons\"><i class=\"fa fa-search-plus rbsZoomIcon \" ><\/i><\/div><\/div><\/div><\/div><div class=\"rbs-img  category174 \" ><div class=\"rbs-img-image   rbs-lightbox \" ><div class=\"rbs-img-thumbs\"  data-thumbnail=\"https:\/\/montajautomatica.md\/wp-content\/uploads\/2016\/03\/\/1457520927_image3-300x225.png\"  title=\"Uzina \u00abTOPAZ\u00bb S.A. \u00ce.M.or.Chi\u015fin\u0103u\"  data-width=\"300\"  data-height=\"225\" ><\/div><div class=\"rbs-img-data-popup\"  data-popup=\"https:\/\/montajautomatica.md\/wp-content\/uploads\/2016\/03\/\/1457520927_image3.png\"  title=\"Uzina \u00abTOPAZ\u00bb S.A. \u00ce.M.or.Chi\u015fin\u0103u\" ><\/div><div class=\"thumbnail-overlay\"><div class=\"rbsTitle \">Uzina \u00abTOPAZ\u00bb S.A. \u00ce.M.or.Chi\u015fin\u0103u<\/div><div class=\"rbsIcons\"><i class=\"fa fa-search-plus rbsZoomIcon \" ><\/i><\/div><\/div><\/div><\/div><div class=\"rbs-img  category174 \" ><div class=\"rbs-img-image   rbs-lightbox \" ><div class=\"rbs-img-thumbs\"  data-thumbnail=\"https:\/\/montajautomatica.md\/wp-content\/uploads\/2016\/03\/\/1457520927_image6-300x225.jpeg\"  title=\"Fabrica de confec\u0163ii \u201cIONEL\u201d S.A. or. Chi\u015fin\u0103u\"  data-width=\"300\"  data-height=\"225\" ><\/div><div class=\"rbs-img-data-popup\"  data-popup=\"https:\/\/montajautomatica.md\/wp-content\/uploads\/2016\/03\/\/1457520927_image6.jpeg\"  title=\"Fabrica de confec\u0163ii \u201cIONEL\u201d S.A. or. Chi\u015fin\u0103u\" ><\/div><div class=\"thumbnail-overlay\"><div class=\"rbsTitle \">Fabrica de confec\u0163ii \u201cIONEL\u201d S.A. or. Chi\u015fin\u0103u<\/div><div class=\"rbsIcons\"><i class=\"fa fa-search-plus rbsZoomIcon \" ><\/i><\/div><\/div><\/div><\/div><div class=\"rbs-img  category174 \" ><div class=\"rbs-img-image   rbs-lightbox \" ><div class=\"rbs-img-thumbs\"  data-thumbnail=\"https:\/\/montajautomatica.md\/wp-content\/uploads\/2016\/03\/\/1457520927_image4-300x225.png\"  title=\"Magazin de materiale de construc\u0163ii \u201cZikkurat\u201d or. Chi\u015fin\u0103u\"  data-width=\"300\"  data-height=\"225\" ><\/div><div class=\"rbs-img-data-popup\"  data-popup=\"https:\/\/montajautomatica.md\/wp-content\/uploads\/2016\/03\/\/1457520927_image4.png\"  title=\"Magazin de materiale de construc\u0163ii \u201cZikkurat\u201d or. Chi\u015fin\u0103u\" ><\/div><div class=\"thumbnail-overlay\"><div class=\"rbsTitle \">Magazin de materiale de construc\u0163ii \u201cZikkurat\u201d or. Chi\u015fin\u0103u<\/div><div class=\"rbsIcons\"><i class=\"fa fa-search-plus rbsZoomIcon \" ><\/i><\/div><\/div><\/div><\/div><div class=\"rbs-img  category174 \" ><div class=\"rbs-img-image   rbs-lightbox \" ><div class=\"rbs-img-thumbs\"  data-thumbnail=\"https:\/\/montajautomatica.md\/wp-content\/uploads\/2016\/03\/\/1457520927_image5-225x300.jpeg\"  title=\"Uzina \u00abTOPAZ\u00bbS.A. \u00ce.M. or. Chi\u015fin\u0103u\"  data-width=\"225\"  data-height=\"300\" ><\/div><div class=\"rbs-img-data-popup\"  data-popup=\"https:\/\/montajautomatica.md\/wp-content\/uploads\/2016\/03\/\/1457520927_image5.jpeg\"  title=\"Uzina \u00abTOPAZ\u00bbS.A. \u00ce.M. or. Chi\u015fin\u0103u\" ><\/div><div class=\"thumbnail-overlay\"><div class=\"rbsTitle \">Uzina \u00abTOPAZ\u00bbS.A. \u00ce.M. or. Chi\u015fin\u0103u<\/div><div class=\"rbsIcons\"><i class=\"fa fa-search-plus rbsZoomIcon \" ><\/i><\/div><\/div><\/div><\/div><div class=\"rbs-img  category174 \" ><div class=\"rbs-img-image   rbs-lightbox \" ><div class=\"rbs-img-thumbs\"  data-thumbnail=\"https:\/\/montajautomatica.md\/wp-content\/uploads\/2016\/03\/\/1457520927_image9-300x225.png\"  title=\"Centrul de deservire a automobilelor BMW \u201cAUTOSPACE\u201dSRL or. Chi\u015fin\u0103u\"  data-width=\"300\"  data-height=\"225\" ><\/div><div class=\"rbs-img-data-popup\"  data-popup=\"https:\/\/montajautomatica.md\/wp-content\/uploads\/2016\/03\/\/1457520927_image9.png\"  title=\"Centrul de deservire a automobilelor BMW \u201cAUTOSPACE\u201dSRL or. Chi\u015fin\u0103u\" ><\/div><div class=\"thumbnail-overlay\"><div class=\"rbsTitle \">Centrul de deservire a automobilelor BMW \u201cAUTOSPACE\u201dSRL or. Chi\u015fin\u0103u<\/div><div class=\"rbsIcons\"><i class=\"fa fa-search-plus rbsZoomIcon \" ><\/i><\/div><\/div><\/div><\/div><div class=\"rbs-img  category174 \" ><div class=\"rbs-img-image   rbs-lightbox \" ><div class=\"rbs-img-thumbs\"  data-thumbnail=\"https:\/\/montajautomatica.md\/wp-content\/uploads\/2016\/03\/\/1457520927_image2-300x225.png\"  title=\"Centrul de deservire a automobilelor BMW \u201cAUTOSPACE\u201dSRL or. Chi\u015fin\u0103u\"  data-width=\"300\"  data-height=\"225\" ><\/div><div class=\"rbs-img-data-popup\"  data-popup=\"https:\/\/montajautomatica.md\/wp-content\/uploads\/2016\/03\/\/1457520927_image2.png\"  title=\"Centrul de deservire a automobilelor BMW \u201cAUTOSPACE\u201dSRL or. Chi\u015fin\u0103u\" ><\/div><div class=\"thumbnail-overlay\"><div class=\"rbsTitle \">Centrul de deservire a automobilelor BMW \u201cAUTOSPACE\u201dSRL or. Chi\u015fin\u0103u<\/div><div class=\"rbsIcons\"><i class=\"fa fa-search-plus rbsZoomIcon \" ><\/i><\/div><\/div><\/div><\/div><div class=\"rbs-img  category174 \" ><div class=\"rbs-img-image   rbs-lightbox \" ><div class=\"rbs-img-thumbs\"  data-thumbnail=\"https:\/\/montajautomatica.md\/wp-content\/uploads\/2016\/03\/\/1457520927_image8-300x225.jpeg\"  title=\"Combinatul de panifica\u0163ie \u201cFranzeluta\u201d SA or. Chi\u015fin\u0103u\"  data-width=\"300\"  data-height=\"225\" ><\/div><div class=\"rbs-img-data-popup\"  data-popup=\"https:\/\/montajautomatica.md\/wp-content\/uploads\/2016\/03\/\/1457520927_image8.jpeg\"  title=\"Combinatul de panifica\u0163ie \u201cFranzeluta\u201d SA or. Chi\u015fin\u0103u\" ><\/div><div class=\"thumbnail-overlay\"><div class=\"rbsTitle \">Combinatul de panifica\u0163ie \u201cFranzeluta\u201d SA or. Chi\u015fin\u0103u<\/div><div class=\"rbsIcons\"><i class=\"fa fa-search-plus rbsZoomIcon \" ><\/i><\/div><\/div><\/div><\/div><div class=\"rbs-img  category174 \" ><div class=\"rbs-img-image   rbs-lightbox \" ><div class=\"rbs-img-thumbs\"  data-thumbnail=\"https:\/\/montajautomatica.md\/wp-content\/uploads\/2017\/10\/20170503_114644-300x169.jpg\"  title=\"Fujikura, or.Chi\u0219in\u0103u\"  data-width=\"300\"  data-height=\"169\" ><\/div><div class=\"rbs-img-data-popup\"  data-popup=\"https:\/\/montajautomatica.md\/wp-content\/uploads\/2017\/10\/20170503_114644.jpg\"  title=\"Fujikura, or.Chi\u0219in\u0103u\" ><\/div><div class=\"thumbnail-overlay\"><div class=\"rbsTitle \">Fujikura, or.Chi\u0219in\u0103u<\/div><div class=\"rbsIcons\"><i class=\"fa fa-search-plus rbsZoomIcon \" ><\/i><\/div><\/div><\/div><\/div><div class=\"rbs-img  category174 \" ><div class=\"rbs-img-image   rbs-lightbox \" ><div class=\"rbs-img-thumbs\"  data-thumbnail=\"https:\/\/montajautomatica.md\/wp-content\/uploads\/2017\/10\/20170503_114657-300x169.jpg\"  title=\"Fujikura, or.Chi\u0219in\u0103u\"  data-width=\"300\"  data-height=\"169\" ><\/div><div class=\"rbs-img-data-popup\"  data-popup=\"https:\/\/montajautomatica.md\/wp-content\/uploads\/2017\/10\/20170503_114657.jpg\"  title=\"Fujikura, or.Chi\u0219in\u0103u\" ><\/div><div class=\"thumbnail-overlay\"><div class=\"rbsTitle \">Fujikura, or.Chi\u0219in\u0103u<\/div><div class=\"rbsIcons\"><i class=\"fa fa-search-plus rbsZoomIcon \" ><\/i><\/div><\/div><\/div><\/div><div class=\"rbs-img  category174 \" ><div class=\"rbs-img-image   rbs-lightbox \" ><div class=\"rbs-img-thumbs\"  data-thumbnail=\"https:\/\/montajautomatica.md\/wp-content\/uploads\/2017\/10\/20170116_122742-300x169.jpg\"  title=\"Cortul de tenis, sat. Avdarma, G\u0103g\u0103uzia\"  data-width=\"300\"  data-height=\"169\" ><\/div><div class=\"rbs-img-data-popup\"  data-popup=\"https:\/\/montajautomatica.md\/wp-content\/uploads\/2017\/10\/20170116_122742.jpg\"  title=\"Cortul de tenis, sat. Avdarma, G\u0103g\u0103uzia\" ><\/div><div class=\"thumbnail-overlay\"><div class=\"rbsTitle \">Cortul de tenis, sat. Avdarma, G\u0103g\u0103uzia<\/div><div class=\"rbsIcons\"><i class=\"fa fa-search-plus rbsZoomIcon \" ><\/i><\/div><\/div><\/div><\/div><div class=\"rbs-img  category174 \" ><div class=\"rbs-img-image   rbs-lightbox \" ><div class=\"rbs-img-thumbs\"  data-thumbnail=\"https:\/\/montajautomatica.md\/wp-content\/uploads\/2017\/10\/2015-04-08-14.15.39-300x225.jpg\"  title=\"Agropiese TGR, or. Chi\u0219in\u0103u\"  data-width=\"300\"  data-height=\"225\" ><\/div><div class=\"rbs-img-data-popup\"  data-popup=\"https:\/\/montajautomatica.md\/wp-content\/uploads\/2017\/10\/2015-04-08-14.15.39.jpg\"  title=\"Agropiese TGR, or. Chi\u0219in\u0103u\" ><\/div><div class=\"thumbnail-overlay\"><div class=\"rbsTitle \">Agropiese TGR, or. Chi\u0219in\u0103u<\/div><div class=\"rbsIcons\"><i class=\"fa fa-search-plus rbsZoomIcon \" ><\/i><\/div><\/div><\/div><\/div><div class=\"rbs-img  category174 \" ><div class=\"rbs-img-image   rbs-lightbox \" ><div class=\"rbs-img-thumbs\"  data-thumbnail=\"https:\/\/montajautomatica.md\/wp-content\/uploads\/2017\/10\/2015-04-08-14.17.39-300x225.jpg\"  title=\"Agropiese TGR, or. Chi\u0219in\u0103u\"  data-width=\"300\"  data-height=\"225\" ><\/div><div class=\"rbs-img-data-popup\"  data-popup=\"https:\/\/montajautomatica.md\/wp-content\/uploads\/2017\/10\/2015-04-08-14.17.39.jpg\"  title=\"Agropiese TGR, or. Chi\u0219in\u0103u\" ><\/div><div class=\"thumbnail-overlay\"><div class=\"rbsTitle \">Agropiese TGR, or. Chi\u0219in\u0103u<\/div><div class=\"rbsIcons\"><i class=\"fa fa-search-plus rbsZoomIcon \" ><\/i><\/div><\/div><\/div><\/div><div class=\"rbs-img  category174 \" ><div class=\"rbs-img-image   rbs-lightbox \" ><div class=\"rbs-img-thumbs\"  data-thumbnail=\"https:\/\/montajautomatica.md\/wp-content\/uploads\/2017\/10\/Picture-002-300x169.jpg\"  title=\"&quot;Triveneta Kavi&quot; or. Str\u0103\u0219eni\"  data-width=\"300\"  data-height=\"169\" ><\/div><div class=\"rbs-img-data-popup\"  data-popup=\"https:\/\/montajautomatica.md\/wp-content\/uploads\/2017\/10\/Picture-002.jpg\"  title=\"&quot;Triveneta Kavi&quot; or. Str\u0103\u0219eni\" ><\/div><div class=\"thumbnail-overlay\"><div class=\"rbsTitle \">\"Triveneta Kavi\" or. Str\u0103\u0219eni<\/div><div class=\"rbsIcons\"><i class=\"fa fa-search-plus rbsZoomIcon \" ><\/i><\/div><\/div><\/div><\/div><div class=\"rbs-img  category174 \" ><div class=\"rbs-img-image   rbs-lightbox \" ><div class=\"rbs-img-thumbs\"  data-thumbnail=\"https:\/\/montajautomatica.md\/wp-content\/uploads\/2017\/10\/Picture-008-300x169.jpg\"  title=\"&quot;Triveneta Kavi&quot; or. Str\u0103\u0219eni\"  data-width=\"300\"  data-height=\"169\" ><\/div><div class=\"rbs-img-data-popup\"  data-popup=\"https:\/\/montajautomatica.md\/wp-content\/uploads\/2017\/10\/Picture-008.jpg\"  title=\"&quot;Triveneta Kavi&quot; or. Str\u0103\u0219eni\" ><\/div><div class=\"thumbnail-overlay\"><div class=\"rbsTitle \">\"Triveneta Kavi\" or. Str\u0103\u0219eni<\/div><div class=\"rbsIcons\"><i class=\"fa fa-search-plus rbsZoomIcon \" ><\/i><\/div><\/div><\/div><\/div><\/div><\/div><\/div><script>var rbs_gallery_69eb2c981f84a = {\"version\":\"3.2.0\",\"id\":174,\"class\":\"id174\",\"roboGalleryDelay\":1000,\"mainContainer\":\"#robo_gallery_main_block_rbs_gallery_69eb2c981f84a\",\"loadingContainer\":\"#rbs_gallery_69eb2c981f84a-block-loader\",\"loadingContainerObj\":\"rbs_gallery_69eb2c981f84a-block-loader\",\"columnWidth\":\"auto\",\"columns\":3,\"resolutions\":[{\"columnWidth\":\"auto\",\"columns\":3,\"maxWidth\":960},{\"columnWidth\":\"auto\",\"columns\":2,\"maxWidth\":650},{\"columnWidth\":\"auto\",\"columns\":1,\"maxWidth\":450}],\"lightboxOptions\":{\"gallery\":{\"enabled\":true,\"tCounter\":\"%curr% of %total%\"}},\"overlayEffect\":\"direction-aware-fade\",\"boxesToLoadStart\":12,\"boxesToLoad\":8,\"waitUntilThumbLoads\":1,\"LoadingWord\":\"Loading...\",\"loadMoreWord\":\"Load More\",\"noMoreEntriesWord\":\"No More Entries\",\"horizontalSpaceBetweenBoxes\":15,\"verticalSpaceBetweenBoxes\":15,\"lazyLoad\":1,\"wrapContainer\":\"#robo-gallery-wrap-rbs_gallery_69eb2c981f84a\",\"filterContainer\":\"#rbs_gallery_69eb2c981f84afilter\",\"loadMoreClass\":\"button-border-caution \"};<\/script><div>       <\/div><\/p>","protected":false},"excerpt":{"rendered":"<p>Obiecte din Republica Moldova la care au fost instalate \u015fi func\u0163ioneaz\u0103 echipamentele produse de Compania Italian\u0103 \u201cSYSTEMA Spa\u201d (num\u0103rul total de obiecte\u00a0 dep\u0103\u015fe\u015fte\u00a0 200 de unit\u0103\u021bi)<\/p>\n","protected":false},"author":1,"featured_media":0,"parent":0,"menu_order":0,"comment_status":"closed","ping_status":"closed","template":"","meta":[],"yoast_head":"<!-- This site is optimized with the Yoast SEO plugin v18.5.1 - https:\/\/yoast.com\/wordpress\/plugins\/seo\/ -->\n<title>Obiectele noastre - Montajautomatica SA<\/title>\n<meta name=\"robots\" content=\"index, follow, max-snippet:-1, max-image-preview:large, max-video-preview:-1\" \/>\n<link rel=\"canonical\" href=\"https:\/\/montajautomatica.md\/ro\/nashi-obekty\/\" \/>\n<meta property=\"og:locale\" content=\"ro_RO\" \/>\n<meta property=\"og:type\" content=\"article\" \/>\n<meta property=\"og:title\" content=\"Obiectele noastre - Montajautomatica SA\" \/>\n<meta property=\"og:description\" content=\"Obiecte din Republica Moldova la care au fost instalate \u015fi func\u0163ioneaz\u0103 echipamentele produse de Compania Italian\u0103 \u201cSYSTEMA Spa\u201d (num\u0103rul total de obiecte\u00a0 dep\u0103\u015fe\u015fte\u00a0 200 de unit\u0103\u021bi)\" \/>\n<meta property=\"og:url\" content=\"https:\/\/montajautomatica.md\/ro\/nashi-obekty\/\" \/>\n<meta property=\"og:site_name\" content=\"Montajautomatica SA\" \/>\n<meta property=\"article:modified_time\" content=\"2017-10-05T08:53:45+00:00\" \/>\n<meta name=\"twitter:card\" content=\"summary\" \/>\n<script type=\"application\/ld+json\" class=\"yoast-schema-graph\">{\"@context\":\"https:\/\/schema.org\",\"@graph\":[{\"@type\":\"Organization\",\"@id\":\"https:\/\/montajautomatica.md\/ro\/#organization\",\"name\":\"Montajautomatica SA\",\"url\":\"https:\/\/montajautomatica.md\/ro\/\",\"sameAs\":[],\"logo\":{\"@type\":\"ImageObject\",\"@id\":\"https:\/\/montajautomatica.md\/ro\/#logo\",\"inLanguage\":\"ro-RO\",\"url\":\"https:\/\/montajautomatica.md\/wp-content\/uploads\/2016\/02\/logo100.png\",\"contentUrl\":\"https:\/\/montajautomatica.md\/wp-content\/uploads\/2016\/02\/logo100.png\",\"width\":87,\"height\":100,\"caption\":\"Montajautomatica SA\"},\"image\":{\"@id\":\"https:\/\/montajautomatica.md\/ro\/#logo\"}},{\"@type\":\"WebSite\",\"@id\":\"https:\/\/montajautomatica.md\/ro\/#website\",\"url\":\"https:\/\/montajautomatica.md\/ro\/\",\"name\":\"Montajautomatica SA\",\"description\":\"\",\"publisher\":{\"@id\":\"https:\/\/montajautomatica.md\/ro\/#organization\"},\"potentialAction\":[{\"@type\":\"SearchAction\",\"target\":{\"@type\":\"EntryPoint\",\"urlTemplate\":\"https:\/\/montajautomatica.md\/ro\/?s={search_term_string}\"},\"query-input\":\"required name=search_term_string\"}],\"inLanguage\":\"ro-RO\"},{\"@type\":\"WebPage\",\"@id\":\"https:\/\/montajautomatica.md\/ro\/nashi-obekty\/#webpage\",\"url\":\"https:\/\/montajautomatica.md\/ro\/nashi-obekty\/\",\"name\":\"Obiectele noastre - Montajautomatica SA\",\"isPartOf\":{\"@id\":\"https:\/\/montajautomatica.md\/ro\/#website\"},\"datePublished\":\"2016-03-07T10:03:23+00:00\",\"dateModified\":\"2017-10-05T08:53:45+00:00\",\"breadcrumb\":{\"@id\":\"https:\/\/montajautomatica.md\/ro\/nashi-obekty\/#breadcrumb\"},\"inLanguage\":\"ro-RO\",\"potentialAction\":[{\"@type\":\"ReadAction\",\"target\":[[\"https:\/\/montajautomatica.md\/ro\/nashi-obekty\/\"]]}]},{\"@type\":\"BreadcrumbList\",\"@id\":\"https:\/\/montajautomatica.md\/ro\/nashi-obekty\/#breadcrumb\",\"itemListElement\":[{\"@type\":\"ListItem\",\"position\":1,\"name\":\"\u0413\u043b\u0430\u0432\u043d\u0430\u044f \u0441\u0442\u0440\u0430\u043d\u0438\u0446\u0430\",\"item\":\"https:\/\/montajautomatica.md\/ro\/\"},{\"@type\":\"ListItem\",\"position\":2,\"name\":\"\u041d\u0430\u0448\u0438 \u043e\u0431\u044a\u0435\u043a\u0442\u044b\"}]}]}<\/script>\n<!-- \/ Yoast SEO plugin. -->","yoast_head_json":{"title":"Obiectele noastre - Montajautomatica SA","robots":{"index":"index","follow":"follow","max-snippet":"max-snippet:-1","max-image-preview":"max-image-preview:large","max-video-preview":"max-video-preview:-1"},"canonical":"https:\/\/montajautomatica.md\/ro\/nashi-obekty\/","og_locale":"ro_RO","og_type":"article","og_title":"Obiectele noastre - Montajautomatica SA","og_description":"Obiecte din Republica Moldova la care au fost instalate \u015fi func\u0163ioneaz\u0103 echipamentele produse de Compania Italian\u0103 \u201cSYSTEMA Spa\u201d (num\u0103rul total de obiecte\u00a0 dep\u0103\u015fe\u015fte\u00a0 200 de unit\u0103\u021bi)","og_url":"https:\/\/montajautomatica.md\/ro\/nashi-obekty\/","og_site_name":"Montajautomatica SA","article_modified_time":"2017-10-05T08:53:45+00:00","twitter_card":"summary","schema":{"@context":"https:\/\/schema.org","@graph":[{"@type":"Organization","@id":"https:\/\/montajautomatica.md\/ro\/#organization","name":"Montajautomatica SA","url":"https:\/\/montajautomatica.md\/ro\/","sameAs":[],"logo":{"@type":"ImageObject","@id":"https:\/\/montajautomatica.md\/ro\/#logo","inLanguage":"ro-RO","url":"https:\/\/montajautomatica.md\/wp-content\/uploads\/2016\/02\/logo100.png","contentUrl":"https:\/\/montajautomatica.md\/wp-content\/uploads\/2016\/02\/logo100.png","width":87,"height":100,"caption":"Montajautomatica SA"},"image":{"@id":"https:\/\/montajautomatica.md\/ro\/#logo"}},{"@type":"WebSite","@id":"https:\/\/montajautomatica.md\/ro\/#website","url":"https:\/\/montajautomatica.md\/ro\/","name":"Montajautomatica SA","description":"","publisher":{"@id":"https:\/\/montajautomatica.md\/ro\/#organization"},"potentialAction":[{"@type":"SearchAction","target":{"@type":"EntryPoint","urlTemplate":"https:\/\/montajautomatica.md\/ro\/?s={search_term_string}"},"query-input":"required name=search_term_string"}],"inLanguage":"ro-RO"},{"@type":"WebPage","@id":"https:\/\/montajautomatica.md\/ro\/nashi-obekty\/#webpage","url":"https:\/\/montajautomatica.md\/ro\/nashi-obekty\/","name":"Obiectele noastre - Montajautomatica SA","isPartOf":{"@id":"https:\/\/montajautomatica.md\/ro\/#website"},"datePublished":"2016-03-07T10:03:23+00:00","dateModified":"2017-10-05T08:53:45+00:00","breadcrumb":{"@id":"https:\/\/montajautomatica.md\/ro\/nashi-obekty\/#breadcrumb"},"inLanguage":"ro-RO","potentialAction":[{"@type":"ReadAction","target":[["https:\/\/montajautomatica.md\/ro\/nashi-obekty\/"]]}]},{"@type":"BreadcrumbList","@id":"https:\/\/montajautomatica.md\/ro\/nashi-obekty\/#breadcrumb","itemListElement":[{"@type":"ListItem","position":1,"name":"\u0413\u043b\u0430\u0432\u043d\u0430\u044f \u0441\u0442\u0440\u0430\u043d\u0438\u0446\u0430","item":"https:\/\/montajautomatica.md\/ro\/"},{"@type":"ListItem","position":2,"name":"\u041d\u0430\u0448\u0438 \u043e\u0431\u044a\u0435\u043a\u0442\u044b"}]}]}},"_links":{"self":[{"href":"https:\/\/montajautomatica.md\/ro\/wp-json\/wp\/v2\/pages\/91"}],"collection":[{"href":"https:\/\/montajautomatica.md\/ro\/wp-json\/wp\/v2\/pages"}],"about":[{"href":"https:\/\/montajautomatica.md\/ro\/wp-json\/wp\/v2\/types\/page"}],"author":[{"embeddable":true,"href":"https:\/\/montajautomatica.md\/ro\/wp-json\/wp\/v2\/users\/1"}],"replies":[{"embeddable":true,"href":"https:\/\/montajautomatica.md\/ro\/wp-json\/wp\/v2\/comments?post=91"}],"version-history":[{"count":9,"href":"https:\/\/montajautomatica.md\/ro\/wp-json\/wp\/v2\/pages\/91\/revisions"}],"predecessor-version":[{"id":178,"href":"https:\/\/montajautomatica.md\/ro\/wp-json\/wp\/v2\/pages\/91\/revisions\/178"}],"wp:attachment":[{"href":"https:\/\/montajautomatica.md\/ro\/wp-json\/wp\/v2\/media?parent=91"}],"curies":[{"name":"wp","href":"https:\/\/api.w.org\/{rel}","templated":true}]}}